{"id":533,"date":"2018-09-13T23:32:16","date_gmt":"2018-09-13T21:32:16","guid":{"rendered":"http:\/\/www.mb-zimmerei.de\/wp\/?page_id=533"},"modified":"2019-03-20T21:00:49","modified_gmt":"2019-03-20T20:00:49","slug":"naturstammhausbau","status":"publish","type":"page","link":"https:\/\/www.mb-zimmerei.de\/wp\/?page_id=533","title":{"rendered":"Naturstammhausbau"},"content":{"rendered":"ngg_shortcode_0_placeholder\n<p style=\"text-align: left;\">Bei einem Naturstammhaus werden die W\u00e4nde aus \u00fcbereinanderliegenden Naturbaumst\u00e4mmen gefertigt.<\/p>\n<p style=\"text-align: left;\">Die von uns ausgew\u00e4hlten Fichten und Wei\u00dftannen Naturst\u00e4mme werden aus regionalen W\u00e4ldern bezogen. Es wird darauf geachtet, dass sie in der Winterzeit in den Neumondphasen geschlagen werden.<\/p>\n<p style=\"text-align: left;\">Die Rinden der Naturst\u00e4mme werden mit einem Hochdruckreiniger mit min. 350bar entrindet. Je nach Gr\u00f6\u00dfe des Hauses wird der Stammdurchmesser ausgew\u00e4hlt und aufeinandergeschichtet. Von dem darunterliegenden Stamm wird das Profil mit einem Zirkel, genannt \u201eLog-Scriber\u201c, auf den dar\u00fcberliegenden Stamm angezeichnet. Ausgearbeitet werden die St\u00e4mme mit Motors\u00e4gen und Sto\u00dfaxt. Die dadurch entstandene Hohlkehle wird mit Holzwolle, zur Isolation, und mit Dichtungsband zum nochmaligen Abdichten versehen.<\/p>\n<p style=\"text-align: left;\">Wenn dann der \u201eBlock\u201c fertig ist, wird er nummeriert, abgebaut und beim Kunden wieder aufgebaut!<\/p>\n\n\n<figure class=\"wp-block-video\"><video controls src=\"http:\/\/www.mb-zimmerei.de\/Medien\/Stamm_entrinden.mp4\"><\/video><figcaption>Entrinden eines Stammes<\/figcaption><\/figure>\n","protected":false},"excerpt":{"rendered":"<p>&#8220; order_by=&#8220;sortorder&#8220; order_direction=&#8220;ASC&#8220; returns=&#8220;included&#8220; maximum_entity_count=&#8220;500&#8243;] Bei einem Naturstammhaus werden die W\u00e4nde aus \u00fcbereinanderliegenden Naturbaumst\u00e4mmen gefertigt. Die von uns ausgew\u00e4hlten Fichten und Wei\u00dftannen Naturst\u00e4mme werden aus regionalen W\u00e4ldern bezogen. Es wird darauf geachtet, dass sie in der Winterzeit in den Neumondphasen geschlagen werden. Die Rinden der Naturst\u00e4mme werden mit einem Hochdruckreiniger mit min. 350bar entrindet. Je &hellip; <a href=\"https:\/\/www.mb-zimmerei.de\/wp\/?page_id=533\" class=\"more-link\"><span class=\"screen-reader-text\">Naturstammhausbau<\/span> weiterlesen <span class=\"meta-nav\">&rarr;<\/span><\/a><\/p>\n","protected":false},"author":1,"featured_media":0,"parent":0,"menu_order":0,"comment_status":"closed","ping_status":"closed","template":"","meta":{"ngg_post_thumbnail":0,"footnotes":""},"class_list":["post-533","page","type-page","status-publish","hentry"],"jetpack_sharing_enabled":true,"jetpack_shortlink":"https:\/\/wp.me\/PavLzO-8B","jetpack-related-posts":[],"_links":{"self":[{"href":"https:\/\/www.mb-zimmerei.de\/wp\/index.php?rest_route=\/wp\/v2\/pages\/533","targetHints":{"allow":["GET"]}}],"collection":[{"href":"https:\/\/www.mb-zimmerei.de\/wp\/index.php?rest_route=\/wp\/v2\/pages"}],"about":[{"href":"https:\/\/www.mb-zimmerei.de\/wp\/index.php?rest_route=\/wp\/v2\/types\/page"}],"author":[{"embeddable":true,"href":"https:\/\/www.mb-zimmerei.de\/wp\/index.php?rest_route=\/wp\/v2\/users\/1"}],"replies":[{"embeddable":true,"href":"https:\/\/www.mb-zimmerei.de\/wp\/index.php?rest_route=%2Fwp%2Fv2%2Fcomments&post=533"}],"version-history":[{"count":7,"href":"https:\/\/www.mb-zimmerei.de\/wp\/index.php?rest_route=\/wp\/v2\/pages\/533\/revisions"}],"predecessor-version":[{"id":691,"href":"https:\/\/www.mb-zimmerei.de\/wp\/index.php?rest_route=\/wp\/v2\/pages\/533\/revisions\/691"}],"wp:attachment":[{"href":"https:\/\/www.mb-zimmerei.de\/wp\/index.php?rest_route=%2Fwp%2Fv2%2Fmedia&parent=533"}],"curies":[{"name":"wp","href":"https:\/\/api.w.org\/{rel}","templated":true}]}}