{"id":432,"date":"2016-01-24T01:32:02","date_gmt":"2016-01-24T00:32:02","guid":{"rendered":"http:\/\/www.mb-zimmerei.de\/wp\/?page_id=432"},"modified":"2018-10-24T01:14:07","modified_gmt":"2018-10-23T23:14:07","slug":"impressum","status":"publish","type":"page","link":"https:\/\/www.mb-zimmerei.de\/wp\/?page_id=432","title":{"rendered":"Impressum"},"content":{"rendered":"<p>Dies ist der Webauftritt der<\/p>\n<p><strong>MB Zimmerei GmbH<\/strong><\/p>\n<p>Inhaber:<br \/>\nZimmerermeister<br \/>\nMarkus Breitsameter<br \/>\nZur Seem\u00fchle 1<br \/>\n86565 Weilach<\/p>\n<p>Tel.: 08259-828813<br \/>\nFax: 08259-828814<br \/>\nMobil: 0170-2133503<\/p>\n<p>Registergericht: Amtsgericht Ingolstadt HRB 101614<\/p>\n<p>Inhaltlich Verantwortlicher gem\u00e4\u00df \u00a710 Absatz 3 MDStV: Markus Breitsameter<\/p>\n<p>USt.-IdNr. DE 199319020<\/p>\n<p>Zust\u00e4ndige Kammer: Handwerkskammer f\u00fcr M\u00fcnchen und Oberbayern, Max-Joseph-Stra\u00dfe 4 in 80333 M\u00fcnchen<\/p>\n<p><strong>Haftungshinweis:&nbsp;<\/strong>Trotz sorgf\u00e4ltiger inhaltlicher Kontrolle \u00fcbernehmen wir keinerlei Haftung f\u00fcr die Inhalte externer Links. F\u00fcr den Inhalt der verlinkten Seiten sind ausschlie\u00dflich deren Betreiber verantwortlich. Diese Erkl\u00e4rung gilt f\u00fcr alle auf unserer Homepage angebrachten Links und f\u00fcr alle Inhalte der Seiten, zu denen Links f\u00fchren.<\/p>\n","protected":false},"excerpt":{"rendered":"<p>Dies ist der Webauftritt der MB Zimmerei GmbH Inhaber: Zimmerermeister Markus Breitsameter Zur Seem\u00fchle 1 86565 Weilach Tel.: 08259-828813 Fax: 08259-828814 Mobil: 0170-2133503 Registergericht: Amtsgericht Ingolstadt HRB 101614 Inhaltlich Verantwortlicher gem\u00e4\u00df \u00a710 Absatz 3 MDStV: Markus Breitsameter USt.-IdNr. DE 199319020 Zust\u00e4ndige Kammer: Handwerkskammer f\u00fcr M\u00fcnchen und Oberbayern, Max-Joseph-Stra\u00dfe 4 in 80333 M\u00fcnchen Haftungshinweis:&nbsp;Trotz sorgf\u00e4ltiger inhaltlicher &hellip; <a href=\"https:\/\/www.mb-zimmerei.de\/wp\/?page_id=432\" class=\"more-link\"><span class=\"screen-reader-text\">Impressum<\/span> weiterlesen <span class=\"meta-nav\">&rarr;<\/span><\/a><\/p>\n","protected":false},"author":1,"featured_media":0,"parent":0,"menu_order":10,"comment_status":"closed","ping_status":"closed","template":"","meta":{"ngg_post_thumbnail":0,"footnotes":""},"class_list":["post-432","page","type-page","status-publish","hentry"],"jetpack_sharing_enabled":true,"jetpack_shortlink":"https:\/\/wp.me\/PavLzO-6Y","jetpack-related-posts":[],"_links":{"self":[{"href":"https:\/\/www.mb-zimmerei.de\/wp\/index.php?rest_route=\/wp\/v2\/pages\/432","targetHints":{"allow":["GET"]}}],"collection":[{"href":"https:\/\/www.mb-zimmerei.de\/wp\/index.php?rest_route=\/wp\/v2\/pages"}],"about":[{"href":"https:\/\/www.mb-zimmerei.de\/wp\/index.php?rest_route=\/wp\/v2\/types\/page"}],"author":[{"embeddable":true,"href":"https:\/\/www.mb-zimmerei.de\/wp\/index.php?rest_route=\/wp\/v2\/users\/1"}],"replies":[{"embeddable":true,"href":"https:\/\/www.mb-zimmerei.de\/wp\/index.php?rest_route=%2Fwp%2Fv2%2Fcomments&post=432"}],"version-history":[{"count":21,"href":"https:\/\/www.mb-zimmerei.de\/wp\/index.php?rest_route=\/wp\/v2\/pages\/432\/revisions"}],"predecessor-version":[{"id":656,"href":"https:\/\/www.mb-zimmerei.de\/wp\/index.php?rest_route=\/wp\/v2\/pages\/432\/revisions\/656"}],"wp:attachment":[{"href":"https:\/\/www.mb-zimmerei.de\/wp\/index.php?rest_route=%2Fwp%2Fv2%2Fmedia&parent=432"}],"curies":[{"name":"wp","href":"https:\/\/api.w.org\/{rel}","templated":true}]}}